{"id":77,"date":"2026-02-10T23:24:56","date_gmt":"2026-02-10T22:24:56","guid":{"rendered":"http:\/\/192.168.1.188\/wordpress\/?page_id=77"},"modified":"2026-03-08T07:51:20","modified_gmt":"2026-03-08T07:51:20","slug":"a-propos","status":"publish","type":"page","link":"https:\/\/lejardinierdejersey.fr\/index.php\/a-propos\/","title":{"rendered":"\u00c0 Propos"},"content":{"rendered":"\n<h2 class=\"wp-block-heading\">\u00c0 Propos<\/h2>\n\n\n\n<p>Je suis&nbsp;<strong>Jason Ruellan<\/strong>, le jardinier de Jersey<\/p>\n\n\n\n<p>J&rsquo;habit\u00e9 en France depuis 8 ans mais je viens de Jersey.<\/p>\n\n\n\n<p>Je suis passionn\u00e9e de jardinage et je mets beaucoup de soin et d&rsquo;attention dans tout ce que je fais.<\/p>\n\n\n\n<p>Si vous avez des travaux de jardinage que vous avez remis \u00e0 plus tard, je peux m&rsquo;en occuper. Je peux \u00e9galement assurer l&rsquo;entretien r\u00e9gulier si le jardinage devient trop prenant.<\/p>\n\n\n\n<p>Je suis sympathique et \u00e0 l&rsquo;\u00e9coute, alors n&rsquo;h\u00e9sitez pas \u00e0 me contacter si vous avez des questions.<\/p>\n","protected":false},"excerpt":{"rendered":"<p>\u00c0 Propos Je suis&nbsp;Jason Ruellan, le jardinier de Jersey J&rsquo;habit\u00e9 en France depuis 8 ans mais je viens de Jersey. Je suis passionn\u00e9e de jardinage et je mets beaucoup de soin et d&rsquo;attention dans tout ce que je fais. Si vous avez des travaux de jardinage que vous avez remis \u00e0 plus tard, je peux [&hellip;]<\/p>\n","protected":false},"author":1,"featured_media":0,"parent":0,"menu_order":0,"comment_status":"closed","ping_status":"closed","template":"","meta":{"zakra_page_container_layout":"customizer","zakra_page_sidebar_layout":"customizer","zakra_remove_content_margin":false,"zakra_sidebar":"customizer","zakra_transparent_header":"customizer","zakra_logo":0,"zakra_main_header_style":"default","zakra_menu_item_color":"","zakra_menu_item_hover_color":"","zakra_menu_item_active_color":"","zakra_menu_active_style":"","zakra_page_header":false,"footnotes":""},"class_list":["post-77","page","type-page","status-publish","hentry"],"_links":{"self":[{"href":"https:\/\/lejardinierdejersey.fr\/index.php\/wp-json\/wp\/v2\/pages\/77","targetHints":{"allow":["GET"]}}],"collection":[{"href":"https:\/\/lejardinierdejersey.fr\/index.php\/wp-json\/wp\/v2\/pages"}],"about":[{"href":"https:\/\/lejardinierdejersey.fr\/index.php\/wp-json\/wp\/v2\/types\/page"}],"author":[{"embeddable":true,"href":"https:\/\/lejardinierdejersey.fr\/index.php\/wp-json\/wp\/v2\/users\/1"}],"replies":[{"embeddable":true,"href":"https:\/\/lejardinierdejersey.fr\/index.php\/wp-json\/wp\/v2\/comments?post=77"}],"version-history":[{"count":3,"href":"https:\/\/lejardinierdejersey.fr\/index.php\/wp-json\/wp\/v2\/pages\/77\/revisions"}],"predecessor-version":[{"id":153,"href":"https:\/\/lejardinierdejersey.fr\/index.php\/wp-json\/wp\/v2\/pages\/77\/revisions\/153"}],"wp:attachment":[{"href":"https:\/\/lejardinierdejersey.fr\/index.php\/wp-json\/wp\/v2\/media?parent=77"}],"curies":[{"name":"wp","href":"https:\/\/api.w.org\/{rel}","templated":true}]}}